{"id":143,"date":"2023-02-26T02:15:50","date_gmt":"2023-02-26T01:15:50","guid":{"rendered":"https:\/\/hermodandpoc.com\/?page_id=143"},"modified":"2025-08-07T12:46:35","modified_gmt":"2025-08-07T10:46:35","slug":"mentions-legales","status":"publish","type":"page","link":"https:\/\/hermodandpoc.com\/index.php\/mentions-legales\/","title":{"rendered":"Mentions l\u00e9gales"},"content":{"rendered":"<p>[et_pb_section fb_built=\u00a0\u00bb1&Prime; theme_builder_area=\u00a0\u00bbpost_content\u00a0\u00bb _builder_version=\u00a0\u00bb4.20.0&Prime; _module_preset=\u00a0\u00bbdefault\u00a0\u00bb][et_pb_row _builder_version=\u00a0\u00bb4.20.0&Prime; _module_preset=\u00a0\u00bbdefault\u00a0\u00bb theme_builder_area=\u00a0\u00bbpost_content\u00a0\u00bb][et_pb_column _builder_version=\u00a0\u00bb4.20.0&Prime; _module_preset=\u00a0\u00bbdefault\u00a0\u00bb type=\u00a0\u00bb4_4&Prime; theme_builder_area=\u00a0\u00bbpost_content\u00a0\u00bb][et_pb_text _builder_version=\u00a0\u00bb4.20.0&Prime; _module_preset=\u00a0\u00bbdefault\u00a0\u00bb theme_builder_area=\u00a0\u00bbpost_content\u00a0\u00bb hover_enabled=\u00a0\u00bb0&Prime; sticky_enabled=\u00a0\u00bb0&Prime;]<\/p>\n<p><span><strong>MENTIONS L\u00c9GALES<\/strong><\/span><\/p>\n<p><span><em>Propri\u00e9t\u00e9 du site:<\/em><\/span><\/p>\n<p><span>HERMOD&amp;COM<\/span><\/p>\n<p><span>Adresse si\u00e8ge social :\u00a0<span color=\"#000000\">28 RUE XAVIER BICHAT, CS 21838, 72018 LE MANS CEDEX 2\u00a0<\/span><\/span><\/p>\n<p><span>T\u00e9l\u00e9phone: +33 (0) 783 655 640<\/span><\/p>\n<p><span>E-mail:<\/span><span>\u00a0<\/span><a href=\"mailto:contact@hermodandcom.com\"><span>contact@hermodandcom.com<\/span><\/a><\/p>\n<p><span><em>Gestion et h\u00e9bergement du site:<\/em><\/span><\/p>\n<p><span><strong>Responsable de la publication:<\/strong><\/span><\/p>\n<p><span>HERMOD&amp;COM<\/span><\/p>\n<p><span>Adresse si\u00e8ge social :\u00a0<span color=\"#000000\">28 RUE XAVIER BICHAT, CS 21838, 72018 LE MANS CEDEX 2\u00a0<\/span><\/span><\/p>\n<p><span><strong>Conception du site:<\/strong><\/span><\/p>\n<p><span>HERMOD&amp;COM<\/span><\/p>\n<p><span>Adresse si\u00e8ge social :\u00a0<span color=\"#000000\">28 RUE XAVIER BICHAT, CS 21838, 72018 LE MANS CEDEX 2\u00a0<\/span><\/span><\/p>\n<p><span><strong>Hebergeur du site:<\/strong><\/span><\/p>\n<p><span>OVH<\/span><\/p>\n<p><span>2 rue Kellermann, BP 80157, 59100 ROUBAIX<\/span><\/p>\n<p><span><em>Droit d\u2019auteur:<\/em><\/span><\/p>\n<p><span>L\u2019ensemble de ce site rel\u00e8ve de la l\u00e9gislation fran\u00e7aise et internationale sur le droit d\u2019auteur et la propri\u00e9t\u00e9 intellectuelle. Tous les droits de reproduction sont r\u00e9serv\u00e9s, y compris pour les documents t\u00e9l\u00e9chargeables, les repr\u00e9sentations photographiques et les vid\u00e9os.<\/span><\/p>\n<p><span>La reproduction de tout ou partie de ce site, sur quelque support que ce soit, est formellement interdite sauf autorisation expresse du responsable de la publication.<\/span><\/p>\n<p><span><em><\/em><\/span><\/p>\n<p><span><em>Droit d\u2019acc\u00e8s aux informations:<\/em><\/span><\/p>\n<p><span>Conform\u00e9ment \u00e0 l\u2019article 34 de la loi Informatique et Libert\u00e9s du 6 janvier 1978, vous disposez d\u2019un droit d\u2019acc\u00e8s, de rectification et de suppression des donn\u00e9es vous concernant, en \u00e9crivant au propri\u00e9taire du site.<\/span><\/p>\n<p>[\/et_pb_text][\/et_pb_column][\/et_pb_row][\/et_pb_section]<\/p>\n","protected":false},"excerpt":{"rendered":"<p>MENTIONS L\u00c9GALES Propri\u00e9t\u00e9 du site: HERMOD&amp;COM Adresse si\u00e8ge social :\u00a028 RUE XAVIER BICHAT, CS 21838, 72018 LE MANS CEDEX 2\u00a0 T\u00e9l\u00e9phone: +33 (0) 783 655 640 E-mail:\u00a0contact@hermodandcom.com Gestion et h\u00e9bergement du site: Responsable de la publication: HERMOD&amp;COM Adresse si\u00e8ge social :\u00a028 RUE XAVIER BICHAT, CS 21838, 72018 LE MANS CEDEX 2\u00a0 Conception du site: HERMOD&amp;COM [&hellip;]<\/p>\n","protected":false},"author":1,"featured_media":0,"parent":0,"menu_order":0,"comment_status":"closed","ping_status":"closed","template":"","meta":{"_et_pb_use_builder":"on","_et_pb_old_content":"","_et_gb_content_width":"","footnotes":""},"class_list":["post-143","page","type-page","status-publish","hentry"],"yoast_head":"<!-- This site is optimized with the Yoast SEO plugin v27.2 - https:\/\/yoast.com\/product\/yoast-seo-wordpress\/ -->\n<title>Mentions l\u00e9gales - HEMORD&amp;POC<\/title>\n<meta name=\"robots\" content=\"index, follow, max-snippet:-1, max-image-preview:large, max-video-preview:-1\" \/>\n<link rel=\"canonical\" href=\"https:\/\/hermodandpoc.com\/index.php\/mentions-legales\/\" \/>\n<meta property=\"og:locale\" content=\"fr_FR\" \/>\n<meta property=\"og:type\" content=\"article\" \/>\n<meta property=\"og:title\" content=\"Mentions l\u00e9gales - HEMORD&amp;POC\" \/>\n<meta property=\"og:description\" content=\"MENTIONS L\u00c9GALES Propri\u00e9t\u00e9 du site: HERMOD&amp;COM Adresse si\u00e8ge social :\u00a028 RUE XAVIER BICHAT, CS 21838, 72018 LE MANS CEDEX 2\u00a0 T\u00e9l\u00e9phone: +33 (0) 783 655 640 E-mail:\u00a0contact@hermodandcom.com Gestion et h\u00e9bergement du site: Responsable de la publication: HERMOD&amp;COM Adresse si\u00e8ge social :\u00a028 RUE XAVIER BICHAT, CS 21838, 72018 LE MANS CEDEX 2\u00a0 Conception du site: HERMOD&amp;COM [&hellip;]\" \/>\n<meta property=\"og:url\" content=\"https:\/\/hermodandpoc.com\/index.php\/mentions-legales\/\" \/>\n<meta property=\"og:site_name\" content=\"HEMORD&amp;POC\" \/>\n<meta property=\"article:publisher\" content=\"https:\/\/www.facebook.com\/hermodandcom\/\" \/>\n<meta property=\"article:modified_time\" content=\"2025-08-07T10:46:35+00:00\" \/>\n<meta name=\"twitter:card\" content=\"summary_large_image\" \/>\n<meta name=\"twitter:label1\" content=\"Dur\u00e9e de lecture estim\u00e9e\" \/>\n\t<meta name=\"twitter:data1\" content=\"1 minute\" \/>\n<script type=\"application\/ld+json\" class=\"yoast-schema-graph\">{\"@context\":\"https:\/\/schema.org\",\"@graph\":[{\"@type\":\"WebPage\",\"@id\":\"https:\/\/hermodandpoc.com\/index.php\/mentions-legales\/\",\"url\":\"https:\/\/hermodandpoc.com\/index.php\/mentions-legales\/\",\"name\":\"Mentions l\u00e9gales - HEMORD&amp;POC\",\"isPartOf\":{\"@id\":\"https:\/\/hermodandpoc.com\/#website\"},\"datePublished\":\"2023-02-26T01:15:50+00:00\",\"dateModified\":\"2025-08-07T10:46:35+00:00\",\"breadcrumb\":{\"@id\":\"https:\/\/hermodandpoc.com\/index.php\/mentions-legales\/#breadcrumb\"},\"inLanguage\":\"fr-FR\",\"potentialAction\":[{\"@type\":\"ReadAction\",\"target\":[\"https:\/\/hermodandpoc.com\/index.php\/mentions-legales\/\"]}]},{\"@type\":\"BreadcrumbList\",\"@id\":\"https:\/\/hermodandpoc.com\/index.php\/mentions-legales\/#breadcrumb\",\"itemListElement\":[{\"@type\":\"ListItem\",\"position\":1,\"name\":\"Accueil\",\"item\":\"https:\/\/hermodandpoc.com\/\"},{\"@type\":\"ListItem\",\"position\":2,\"name\":\"Mentions l\u00e9gales\"}]},{\"@type\":\"WebSite\",\"@id\":\"https:\/\/hermodandpoc.com\/#website\",\"url\":\"https:\/\/hermodandpoc.com\/\",\"name\":\"HEMORD&POC\",\"description\":\"La boutique WAVE PTX\",\"publisher\":{\"@id\":\"https:\/\/hermodandpoc.com\/#organization\"},\"potentialAction\":[{\"@type\":\"SearchAction\",\"target\":{\"@type\":\"EntryPoint\",\"urlTemplate\":\"https:\/\/hermodandpoc.com\/?s={search_term_string}\"},\"query-input\":{\"@type\":\"PropertyValueSpecification\",\"valueRequired\":true,\"valueName\":\"search_term_string\"}}],\"inLanguage\":\"fr-FR\"},{\"@type\":\"Organization\",\"@id\":\"https:\/\/hermodandpoc.com\/#organization\",\"name\":\"HEMORD&POC\",\"url\":\"https:\/\/hermodandpoc.com\/\",\"logo\":{\"@type\":\"ImageObject\",\"inLanguage\":\"fr-FR\",\"@id\":\"https:\/\/hermodandpoc.com\/#\/schema\/logo\/image\/\",\"url\":\"https:\/\/hermodandpoc.com\/wp-content\/uploads\/2023\/02\/path1568BLANC.png\",\"contentUrl\":\"https:\/\/hermodandpoc.com\/wp-content\/uploads\/2023\/02\/path1568BLANC.png\",\"width\":880,\"height\":360,\"caption\":\"HEMORD&POC\"},\"image\":{\"@id\":\"https:\/\/hermodandpoc.com\/#\/schema\/logo\/image\/\"},\"sameAs\":[\"https:\/\/www.facebook.com\/hermodandcom\/\"]}]}<\/script>\n<!-- \/ Yoast SEO plugin. -->","yoast_head_json":{"title":"Mentions l\u00e9gales - HEMORD&amp;POC","robots":{"index":"index","follow":"follow","max-snippet":"max-snippet:-1","max-image-preview":"max-image-preview:large","max-video-preview":"max-video-preview:-1"},"canonical":"https:\/\/hermodandpoc.com\/index.php\/mentions-legales\/","og_locale":"fr_FR","og_type":"article","og_title":"Mentions l\u00e9gales - HEMORD&amp;POC","og_description":"MENTIONS L\u00c9GALES Propri\u00e9t\u00e9 du site: HERMOD&amp;COM Adresse si\u00e8ge social :\u00a028 RUE XAVIER BICHAT, CS 21838, 72018 LE MANS CEDEX 2\u00a0 T\u00e9l\u00e9phone: +33 (0) 783 655 640 E-mail:\u00a0contact@hermodandcom.com Gestion et h\u00e9bergement du site: Responsable de la publication: HERMOD&amp;COM Adresse si\u00e8ge social :\u00a028 RUE XAVIER BICHAT, CS 21838, 72018 LE MANS CEDEX 2\u00a0 Conception du site: HERMOD&amp;COM [&hellip;]","og_url":"https:\/\/hermodandpoc.com\/index.php\/mentions-legales\/","og_site_name":"HEMORD&amp;POC","article_publisher":"https:\/\/www.facebook.com\/hermodandcom\/","article_modified_time":"2025-08-07T10:46:35+00:00","twitter_card":"summary_large_image","twitter_misc":{"Dur\u00e9e de lecture estim\u00e9e":"1 minute"},"schema":{"@context":"https:\/\/schema.org","@graph":[{"@type":"WebPage","@id":"https:\/\/hermodandpoc.com\/index.php\/mentions-legales\/","url":"https:\/\/hermodandpoc.com\/index.php\/mentions-legales\/","name":"Mentions l\u00e9gales - HEMORD&amp;POC","isPartOf":{"@id":"https:\/\/hermodandpoc.com\/#website"},"datePublished":"2023-02-26T01:15:50+00:00","dateModified":"2025-08-07T10:46:35+00:00","breadcrumb":{"@id":"https:\/\/hermodandpoc.com\/index.php\/mentions-legales\/#breadcrumb"},"inLanguage":"fr-FR","potentialAction":[{"@type":"ReadAction","target":["https:\/\/hermodandpoc.com\/index.php\/mentions-legales\/"]}]},{"@type":"BreadcrumbList","@id":"https:\/\/hermodandpoc.com\/index.php\/mentions-legales\/#breadcrumb","itemListElement":[{"@type":"ListItem","position":1,"name":"Accueil","item":"https:\/\/hermodandpoc.com\/"},{"@type":"ListItem","position":2,"name":"Mentions l\u00e9gales"}]},{"@type":"WebSite","@id":"https:\/\/hermodandpoc.com\/#website","url":"https:\/\/hermodandpoc.com\/","name":"HEMORD&POC","description":"La boutique WAVE PTX","publisher":{"@id":"https:\/\/hermodandpoc.com\/#organization"},"potentialAction":[{"@type":"SearchAction","target":{"@type":"EntryPoint","urlTemplate":"https:\/\/hermodandpoc.com\/?s={search_term_string}"},"query-input":{"@type":"PropertyValueSpecification","valueRequired":true,"valueName":"search_term_string"}}],"inLanguage":"fr-FR"},{"@type":"Organization","@id":"https:\/\/hermodandpoc.com\/#organization","name":"HEMORD&POC","url":"https:\/\/hermodandpoc.com\/","logo":{"@type":"ImageObject","inLanguage":"fr-FR","@id":"https:\/\/hermodandpoc.com\/#\/schema\/logo\/image\/","url":"https:\/\/hermodandpoc.com\/wp-content\/uploads\/2023\/02\/path1568BLANC.png","contentUrl":"https:\/\/hermodandpoc.com\/wp-content\/uploads\/2023\/02\/path1568BLANC.png","width":880,"height":360,"caption":"HEMORD&POC"},"image":{"@id":"https:\/\/hermodandpoc.com\/#\/schema\/logo\/image\/"},"sameAs":["https:\/\/www.facebook.com\/hermodandcom\/"]}]}},"jetpack_sharing_enabled":true,"_links":{"self":[{"href":"https:\/\/hermodandpoc.com\/index.php\/wp-json\/wp\/v2\/pages\/143","targetHints":{"allow":["GET"]}}],"collection":[{"href":"https:\/\/hermodandpoc.com\/index.php\/wp-json\/wp\/v2\/pages"}],"about":[{"href":"https:\/\/hermodandpoc.com\/index.php\/wp-json\/wp\/v2\/types\/page"}],"author":[{"embeddable":true,"href":"https:\/\/hermodandpoc.com\/index.php\/wp-json\/wp\/v2\/users\/1"}],"replies":[{"embeddable":true,"href":"https:\/\/hermodandpoc.com\/index.php\/wp-json\/wp\/v2\/comments?post=143"}],"version-history":[{"count":2,"href":"https:\/\/hermodandpoc.com\/index.php\/wp-json\/wp\/v2\/pages\/143\/revisions"}],"predecessor-version":[{"id":145,"href":"https:\/\/hermodandpoc.com\/index.php\/wp-json\/wp\/v2\/pages\/143\/revisions\/145"}],"wp:attachment":[{"href":"https:\/\/hermodandpoc.com\/index.php\/wp-json\/wp\/v2\/media?parent=143"}],"curies":[{"name":"wp","href":"https:\/\/api.w.org\/{rel}","templated":true}]}}