{"id":169,"date":"2023-02-26T10:19:25","date_gmt":"2023-02-26T09:19:25","guid":{"rendered":"https:\/\/hermodandpoc.com\/?post_type=product&#038;p=169"},"modified":"2026-03-28T11:59:27","modified_gmt":"2026-03-28T10:59:27","slug":"micro-haut-parleur-bluetooth-wm500","status":"publish","type":"product","link":"https:\/\/hermodandpoc.com\/index.php\/produit\/micro-haut-parleur-bluetooth-wm500\/","title":{"rendered":"MICRO HAUT PARLEUR BLUETOOTH WM500"},"content":{"rendered":"<p>[et_pb_section fb_built=\u00a0\u00bb1&Prime; _builder_version=\u00a0\u00bb4.16&Prime; custom_padding=\u00a0\u00bb0px||||false|false\u00a0\u00bb global_colors_info=\u00a0\u00bb{}\u00a0\u00bb][et_pb_row _builder_version=\u00a0\u00bb4.16&Prime; background_size=\u00a0\u00bbinitial\u00a0\u00bb background_position=\u00a0\u00bbtop_left\u00a0\u00bb background_repeat=\u00a0\u00bbrepeat\u00a0\u00bb width=\u00a0\u00bb100%\u00a0\u00bb custom_padding=\u00a0\u00bb0px||0px||false|false\u00a0\u00bb global_colors_info=\u00a0\u00bb{}\u00a0\u00bb][et_pb_column type=\u00a0\u00bb4_4&Prime; _builder_version=\u00a0\u00bb4.16&Prime; custom_padding=\u00a0\u00bb|||\u00a0\u00bb global_colors_info=\u00a0\u00bb{}\u00a0\u00bb custom_padding__hover=\u00a0\u00bb|||\u00a0\u00bb][et_pb_wc_breadcrumb _builder_version=\u00a0\u00bb4.16&Prime; global_colors_info=\u00a0\u00bb{}\u00a0\u00bb][\/et_pb_wc_breadcrumb][et_pb_wc_cart_notice _builder_version=\u00a0\u00bb4.16&Prime; global_colors_info=\u00a0\u00bb{}\u00a0\u00bb][\/et_pb_wc_cart_notice][\/et_pb_column][\/et_pb_row][et_pb_row column_structure=\u00a0\u00bb1_2,1_2&Prime; _builder_version=\u00a0\u00bb4.16&Prime; background_size=\u00a0\u00bbinitial\u00a0\u00bb background_position=\u00a0\u00bbtop_left\u00a0\u00bb background_repeat=\u00a0\u00bbrepeat\u00a0\u00bb width=\u00a0\u00bb100%\u00a0\u00bb custom_padding=\u00a0\u00bb0px||||false|false\u00a0\u00bb global_colors_info=\u00a0\u00bb{}\u00a0\u00bb][et_pb_column type=\u00a0\u00bb1_2&Prime; _builder_version=\u00a0\u00bb4.16&Prime; custom_padding=\u00a0\u00bb|||\u00a0\u00bb global_colors_info=\u00a0\u00bb{}\u00a0\u00bb custom_padding__hover=\u00a0\u00bb|||\u00a0\u00bb][et_pb_wc_images _builder_version=\u00a0\u00bb4.16&Prime; global_colors_info=\u00a0\u00bb{}\u00a0\u00bb][\/et_pb_wc_images][\/et_pb_column][et_pb_column type=\u00a0\u00bb1_2&Prime; _builder_version=\u00a0\u00bb4.16&Prime; custom_padding=\u00a0\u00bb|||\u00a0\u00bb global_colors_info=\u00a0\u00bb{}\u00a0\u00bb custom_padding__hover=\u00a0\u00bb|||\u00a0\u00bb][et_pb_wc_title _builder_version=\u00a0\u00bb4.16&Prime; global_colors_info=\u00a0\u00bb{}\u00a0\u00bb][\/et_pb_wc_title][et_pb_wc_rating _builder_version=\u00a0\u00bb4.16&Prime; global_colors_info=\u00a0\u00bb{}\u00a0\u00bb][\/et_pb_wc_rating][et_pb_wc_price _builder_version=\u00a0\u00bb4.16&Prime; global_colors_info=\u00a0\u00bb{}\u00a0\u00bb][\/et_pb_wc_price][et_pb_wc_description _builder_version=\u00a0\u00bb4.16&Prime; global_colors_info=\u00a0\u00bb{}\u00a0\u00bb][\/et_pb_wc_description][et_pb_wc_add_to_cart _builder_version=\u00a0\u00bb4.16&Prime; global_colors_info=\u00a0\u00bb{}\u00a0\u00bb][\/et_pb_wc_add_to_cart][et_pb_wc_meta _builder_version=\u00a0\u00bb4.16&Prime; global_colors_info=\u00a0\u00bb{}\u00a0\u00bb][\/et_pb_wc_meta][\/et_pb_column][\/et_pb_row][et_pb_row _builder_version=\u00a0\u00bb4.16&Prime; background_size=\u00a0\u00bbinitial\u00a0\u00bb background_position=\u00a0\u00bbtop_left\u00a0\u00bb background_repeat=\u00a0\u00bbrepeat\u00a0\u00bb width=\u00a0\u00bb100%\u00a0\u00bb global_colors_info=\u00a0\u00bb{}\u00a0\u00bb][et_pb_column type=\u00a0\u00bb4_4&Prime; _builder_version=\u00a0\u00bb4.16&Prime; custom_padding=\u00a0\u00bb|||\u00a0\u00bb global_colors_info=\u00a0\u00bb{}\u00a0\u00bb custom_padding__hover=\u00a0\u00bb|||\u00a0\u00bb][et_pb_wc_tabs include_tabs=\u00a0\u00bbdescription|\u00a0\u00bb _builder_version=\u00a0\u00bb4.20.0&Prime; global_colors_info=\u00a0\u00bb{}\u00a0\u00bb]\t\t\t\t\t[\/et_pb_wc_tabs][et_pb_wc_upsells _builder_version=\u00a0\u00bb4.16&Prime; global_colors_info=\u00a0\u00bb{}\u00a0\u00bb][\/et_pb_wc_upsells][et_pb_wc_related_products _builder_version=\u00a0\u00bb4.16&Prime; global_colors_info=\u00a0\u00bb{}\u00a0\u00bb][\/et_pb_wc_related_products][\/et_pb_column][\/et_pb_row][\/et_pb_section]<\/p>\n","protected":false},"excerpt":{"rendered":"","protected":false},"featured_media":170,"comment_status":"open","ping_status":"closed","template":"","meta":{"_et_pb_use_builder":"on","_et_pb_old_content":"Notre RSM sans fil compatible avec les applications PTT sur les Smartphones. Le micro haut-parleur d\u00e9port\u00e9 sans fil WM500 est le plus fin que nous ayons fabriqu\u00e9. Il est dot\u00e9 d'une batterie interne d'une autonomie pouvant atteindre 40 heures, ce qui vous permet de rester concentr\u00e9 sur votre travail.\r\n\r\n<strong>Micro Haut-parleur Bluetooth WM500 Micro, IP67<\/strong>\r\n\u2022 Fonctionne avec Bluetooth 5.0 sans fil norme de communication\r\n\u2022 Kit complet avec batterie rempla\u00e7able, C\u00e2ble de charge USB-A vers USB-C (1 m) et clip de ceinture pivotant\r\n\r\n\u00c9COUTE DISCR\u00c8TE\r\nUtilisez la prise de 3,5 mm pour recevoir discr\u00e8tement des communications audio en connectant une oreillette compatible pour la r\u00e9ception de messages priv\u00e9s et confidentiels","_et_gb_content_width":""},"product_brand":[],"product_cat":[19],"product_tag":[],"class_list":{"0":"post-169","1":"product","2":"type-product","3":"status-publish","4":"has-post-thumbnail","6":"product_cat-accessoires","8":"first","9":"instock","10":"taxable","11":"shipping-taxable","12":"purchasable","13":"product-type-simple"},"yoast_head":"<!-- This site is optimized with the Yoast SEO plugin v27.2 - https:\/\/yoast.com\/product\/yoast-seo-wordpress\/ -->\n<title>MICRO HAUT PARLEUR BLUETOOTH WM500 - HEMORD&amp;POC<\/title>\n<meta name=\"robots\" content=\"index, follow, max-snippet:-1, max-image-preview:large, max-video-preview:-1\" \/>\n<link rel=\"canonical\" href=\"https:\/\/hermodandpoc.com\/index.php\/produit\/micro-haut-parleur-bluetooth-wm500\/\" \/>\n<meta property=\"og:locale\" content=\"fr_FR\" \/>\n<meta property=\"og:type\" content=\"article\" \/>\n<meta property=\"og:title\" content=\"MICRO HAUT PARLEUR BLUETOOTH WM500 - HEMORD&amp;POC\" \/>\n<meta property=\"og:url\" content=\"https:\/\/hermodandpoc.com\/index.php\/produit\/micro-haut-parleur-bluetooth-wm500\/\" \/>\n<meta property=\"og:site_name\" content=\"HEMORD&amp;POC\" \/>\n<meta property=\"article:publisher\" content=\"https:\/\/www.facebook.com\/hermodandcom\/\" \/>\n<meta property=\"article:modified_time\" content=\"2026-03-28T10:59:27+00:00\" \/>\n<meta property=\"og:image\" content=\"https:\/\/hermodandpoc.com\/wp-content\/uploads\/2023\/02\/frt_wm500_wireless_poc_rsm_pmmn4127-1024x1024.png\" \/>\n\t<meta property=\"og:image:width\" content=\"1024\" \/>\n\t<meta property=\"og:image:height\" content=\"1024\" \/>\n\t<meta property=\"og:image:type\" content=\"image\/png\" \/>\n<meta name=\"twitter:card\" content=\"summary_large_image\" \/>\n<meta name=\"twitter:label1\" content=\"Dur\u00e9e de lecture estim\u00e9e\" \/>\n\t<meta name=\"twitter:data1\" content=\"2 minutes\" \/>\n<script type=\"application\/ld+json\" class=\"yoast-schema-graph\">{\"@context\":\"https:\/\/schema.org\",\"@graph\":[{\"@type\":\"WebPage\",\"@id\":\"https:\/\/hermodandpoc.com\/index.php\/produit\/micro-haut-parleur-bluetooth-wm500\/\",\"url\":\"https:\/\/hermodandpoc.com\/index.php\/produit\/micro-haut-parleur-bluetooth-wm500\/\",\"name\":\"MICRO HAUT PARLEUR BLUETOOTH WM500 - HEMORD&amp;POC\",\"isPartOf\":{\"@id\":\"https:\/\/hermodandpoc.com\/#website\"},\"primaryImageOfPage\":{\"@id\":\"https:\/\/hermodandpoc.com\/index.php\/produit\/micro-haut-parleur-bluetooth-wm500\/#primaryimage\"},\"image\":{\"@id\":\"https:\/\/hermodandpoc.com\/index.php\/produit\/micro-haut-parleur-bluetooth-wm500\/#primaryimage\"},\"thumbnailUrl\":\"https:\/\/hermodandpoc.com\/wp-content\/uploads\/2023\/02\/frt_wm500_wireless_poc_rsm_pmmn4127.png\",\"datePublished\":\"2023-02-26T09:19:25+00:00\",\"dateModified\":\"2026-03-28T10:59:27+00:00\",\"breadcrumb\":{\"@id\":\"https:\/\/hermodandpoc.com\/index.php\/produit\/micro-haut-parleur-bluetooth-wm500\/#breadcrumb\"},\"inLanguage\":\"fr-FR\",\"potentialAction\":[{\"@type\":\"ReadAction\",\"target\":[\"https:\/\/hermodandpoc.com\/index.php\/produit\/micro-haut-parleur-bluetooth-wm500\/\"]}]},{\"@type\":\"ImageObject\",\"inLanguage\":\"fr-FR\",\"@id\":\"https:\/\/hermodandpoc.com\/index.php\/produit\/micro-haut-parleur-bluetooth-wm500\/#primaryimage\",\"url\":\"https:\/\/hermodandpoc.com\/wp-content\/uploads\/2023\/02\/frt_wm500_wireless_poc_rsm_pmmn4127.png\",\"contentUrl\":\"https:\/\/hermodandpoc.com\/wp-content\/uploads\/2023\/02\/frt_wm500_wireless_poc_rsm_pmmn4127.png\",\"width\":1170,\"height\":1170},{\"@type\":\"BreadcrumbList\",\"@id\":\"https:\/\/hermodandpoc.com\/index.php\/produit\/micro-haut-parleur-bluetooth-wm500\/#breadcrumb\",\"itemListElement\":[{\"@type\":\"ListItem\",\"position\":1,\"name\":\"Accueil\",\"item\":\"https:\/\/hermodandpoc.com\/\"},{\"@type\":\"ListItem\",\"position\":2,\"name\":\"Boutique\",\"item\":\"https:\/\/hermodandpoc.com\/\"},{\"@type\":\"ListItem\",\"position\":3,\"name\":\"MICRO HAUT PARLEUR BLUETOOTH WM500\"}]},{\"@type\":\"WebSite\",\"@id\":\"https:\/\/hermodandpoc.com\/#website\",\"url\":\"https:\/\/hermodandpoc.com\/\",\"name\":\"HEMORD&POC\",\"description\":\"La boutique WAVE PTX\",\"publisher\":{\"@id\":\"https:\/\/hermodandpoc.com\/#organization\"},\"potentialAction\":[{\"@type\":\"SearchAction\",\"target\":{\"@type\":\"EntryPoint\",\"urlTemplate\":\"https:\/\/hermodandpoc.com\/?s={search_term_string}\"},\"query-input\":{\"@type\":\"PropertyValueSpecification\",\"valueRequired\":true,\"valueName\":\"search_term_string\"}}],\"inLanguage\":\"fr-FR\"},{\"@type\":\"Organization\",\"@id\":\"https:\/\/hermodandpoc.com\/#organization\",\"name\":\"HEMORD&POC\",\"url\":\"https:\/\/hermodandpoc.com\/\",\"logo\":{\"@type\":\"ImageObject\",\"inLanguage\":\"fr-FR\",\"@id\":\"https:\/\/hermodandpoc.com\/#\/schema\/logo\/image\/\",\"url\":\"https:\/\/hermodandpoc.com\/wp-content\/uploads\/2023\/02\/path1568BLANC.png\",\"contentUrl\":\"https:\/\/hermodandpoc.com\/wp-content\/uploads\/2023\/02\/path1568BLANC.png\",\"width\":880,\"height\":360,\"caption\":\"HEMORD&POC\"},\"image\":{\"@id\":\"https:\/\/hermodandpoc.com\/#\/schema\/logo\/image\/\"},\"sameAs\":[\"https:\/\/www.facebook.com\/hermodandcom\/\"]}]}<\/script>\n<!-- \/ Yoast SEO plugin. -->","yoast_head_json":{"title":"MICRO HAUT PARLEUR BLUETOOTH WM500 - HEMORD&amp;POC","robots":{"index":"index","follow":"follow","max-snippet":"max-snippet:-1","max-image-preview":"max-image-preview:large","max-video-preview":"max-video-preview:-1"},"canonical":"https:\/\/hermodandpoc.com\/index.php\/produit\/micro-haut-parleur-bluetooth-wm500\/","og_locale":"fr_FR","og_type":"article","og_title":"MICRO HAUT PARLEUR BLUETOOTH WM500 - HEMORD&amp;POC","og_url":"https:\/\/hermodandpoc.com\/index.php\/produit\/micro-haut-parleur-bluetooth-wm500\/","og_site_name":"HEMORD&amp;POC","article_publisher":"https:\/\/www.facebook.com\/hermodandcom\/","article_modified_time":"2026-03-28T10:59:27+00:00","og_image":[{"width":1024,"height":1024,"url":"https:\/\/hermodandpoc.com\/wp-content\/uploads\/2023\/02\/frt_wm500_wireless_poc_rsm_pmmn4127-1024x1024.png","type":"image\/png"}],"twitter_card":"summary_large_image","twitter_misc":{"Dur\u00e9e de lecture estim\u00e9e":"2 minutes"},"schema":{"@context":"https:\/\/schema.org","@graph":[{"@type":"WebPage","@id":"https:\/\/hermodandpoc.com\/index.php\/produit\/micro-haut-parleur-bluetooth-wm500\/","url":"https:\/\/hermodandpoc.com\/index.php\/produit\/micro-haut-parleur-bluetooth-wm500\/","name":"MICRO HAUT PARLEUR BLUETOOTH WM500 - HEMORD&amp;POC","isPartOf":{"@id":"https:\/\/hermodandpoc.com\/#website"},"primaryImageOfPage":{"@id":"https:\/\/hermodandpoc.com\/index.php\/produit\/micro-haut-parleur-bluetooth-wm500\/#primaryimage"},"image":{"@id":"https:\/\/hermodandpoc.com\/index.php\/produit\/micro-haut-parleur-bluetooth-wm500\/#primaryimage"},"thumbnailUrl":"https:\/\/hermodandpoc.com\/wp-content\/uploads\/2023\/02\/frt_wm500_wireless_poc_rsm_pmmn4127.png","datePublished":"2023-02-26T09:19:25+00:00","dateModified":"2026-03-28T10:59:27+00:00","breadcrumb":{"@id":"https:\/\/hermodandpoc.com\/index.php\/produit\/micro-haut-parleur-bluetooth-wm500\/#breadcrumb"},"inLanguage":"fr-FR","potentialAction":[{"@type":"ReadAction","target":["https:\/\/hermodandpoc.com\/index.php\/produit\/micro-haut-parleur-bluetooth-wm500\/"]}]},{"@type":"ImageObject","inLanguage":"fr-FR","@id":"https:\/\/hermodandpoc.com\/index.php\/produit\/micro-haut-parleur-bluetooth-wm500\/#primaryimage","url":"https:\/\/hermodandpoc.com\/wp-content\/uploads\/2023\/02\/frt_wm500_wireless_poc_rsm_pmmn4127.png","contentUrl":"https:\/\/hermodandpoc.com\/wp-content\/uploads\/2023\/02\/frt_wm500_wireless_poc_rsm_pmmn4127.png","width":1170,"height":1170},{"@type":"BreadcrumbList","@id":"https:\/\/hermodandpoc.com\/index.php\/produit\/micro-haut-parleur-bluetooth-wm500\/#breadcrumb","itemListElement":[{"@type":"ListItem","position":1,"name":"Accueil","item":"https:\/\/hermodandpoc.com\/"},{"@type":"ListItem","position":2,"name":"Boutique","item":"https:\/\/hermodandpoc.com\/"},{"@type":"ListItem","position":3,"name":"MICRO HAUT PARLEUR BLUETOOTH WM500"}]},{"@type":"WebSite","@id":"https:\/\/hermodandpoc.com\/#website","url":"https:\/\/hermodandpoc.com\/","name":"HEMORD&POC","description":"La boutique WAVE PTX","publisher":{"@id":"https:\/\/hermodandpoc.com\/#organization"},"potentialAction":[{"@type":"SearchAction","target":{"@type":"EntryPoint","urlTemplate":"https:\/\/hermodandpoc.com\/?s={search_term_string}"},"query-input":{"@type":"PropertyValueSpecification","valueRequired":true,"valueName":"search_term_string"}}],"inLanguage":"fr-FR"},{"@type":"Organization","@id":"https:\/\/hermodandpoc.com\/#organization","name":"HEMORD&POC","url":"https:\/\/hermodandpoc.com\/","logo":{"@type":"ImageObject","inLanguage":"fr-FR","@id":"https:\/\/hermodandpoc.com\/#\/schema\/logo\/image\/","url":"https:\/\/hermodandpoc.com\/wp-content\/uploads\/2023\/02\/path1568BLANC.png","contentUrl":"https:\/\/hermodandpoc.com\/wp-content\/uploads\/2023\/02\/path1568BLANC.png","width":880,"height":360,"caption":"HEMORD&POC"},"image":{"@id":"https:\/\/hermodandpoc.com\/#\/schema\/logo\/image\/"},"sameAs":["https:\/\/www.facebook.com\/hermodandcom\/"]}]}},"jetpack_sharing_enabled":true,"_links":{"self":[{"href":"https:\/\/hermodandpoc.com\/index.php\/wp-json\/wp\/v2\/product\/169","targetHints":{"allow":["GET"]}}],"collection":[{"href":"https:\/\/hermodandpoc.com\/index.php\/wp-json\/wp\/v2\/product"}],"about":[{"href":"https:\/\/hermodandpoc.com\/index.php\/wp-json\/wp\/v2\/types\/product"}],"replies":[{"embeddable":true,"href":"https:\/\/hermodandpoc.com\/index.php\/wp-json\/wp\/v2\/comments?post=169"}],"wp:featuredmedia":[{"embeddable":true,"href":"https:\/\/hermodandpoc.com\/index.php\/wp-json\/wp\/v2\/media\/170"}],"wp:attachment":[{"href":"https:\/\/hermodandpoc.com\/index.php\/wp-json\/wp\/v2\/media?parent=169"}],"wp:term":[{"taxonomy":"product_brand","embeddable":true,"href":"https:\/\/hermodandpoc.com\/index.php\/wp-json\/wp\/v2\/product_brand?post=169"},{"taxonomy":"product_cat","embeddable":true,"href":"https:\/\/hermodandpoc.com\/index.php\/wp-json\/wp\/v2\/product_cat?post=169"},{"taxonomy":"product_tag","embeddable":true,"href":"https:\/\/hermodandpoc.com\/index.php\/wp-json\/wp\/v2\/product_tag?post=169"}],"curies":[{"name":"wp","href":"https:\/\/api.w.org\/{rel}","templated":true}]}}