{"id":225,"date":"2023-02-26T16:43:42","date_gmt":"2023-02-26T15:43:42","guid":{"rendered":"https:\/\/hermodandpoc.com\/?post_type=product&#038;p=225"},"modified":"2026-03-28T11:03:04","modified_gmt":"2026-03-28T10:03:04","slug":"micro-ecouteur-ep910w-bt-avec-ptt","status":"publish","type":"product","link":"https:\/\/hermodandpoc.com\/index.php\/produit\/micro-ecouteur-ep910w-bt-avec-ptt\/","title":{"rendered":"MICRO ECOUTEUR EP910W BT AVEC PTT"},"content":{"rendered":"<p>[et_pb_section fb_built=\u00a0\u00bb1&Prime; _builder_version=\u00a0\u00bb4.16&Prime; custom_padding=\u00a0\u00bb0px||||false|false\u00a0\u00bb global_colors_info=\u00a0\u00bb{}\u00a0\u00bb][et_pb_row _builder_version=\u00a0\u00bb4.16&Prime; background_size=\u00a0\u00bbinitial\u00a0\u00bb background_position=\u00a0\u00bbtop_left\u00a0\u00bb background_repeat=\u00a0\u00bbrepeat\u00a0\u00bb width=\u00a0\u00bb100%\u00a0\u00bb custom_padding=\u00a0\u00bb0px||0px||false|false\u00a0\u00bb global_colors_info=\u00a0\u00bb{}\u00a0\u00bb][et_pb_column type=\u00a0\u00bb4_4&Prime; _builder_version=\u00a0\u00bb4.16&Prime; custom_padding=\u00a0\u00bb|||\u00a0\u00bb global_colors_info=\u00a0\u00bb{}\u00a0\u00bb custom_padding__hover=\u00a0\u00bb|||\u00a0\u00bb][et_pb_wc_breadcrumb _builder_version=\u00a0\u00bb4.16&Prime; global_colors_info=\u00a0\u00bb{}\u00a0\u00bb][\/et_pb_wc_breadcrumb][et_pb_wc_cart_notice _builder_version=\u00a0\u00bb4.16&Prime; global_colors_info=\u00a0\u00bb{}\u00a0\u00bb][\/et_pb_wc_cart_notice][\/et_pb_column][\/et_pb_row][et_pb_row _builder_version=\u00a0\u00bb4.16&Prime; background_size=\u00a0\u00bbinitial\u00a0\u00bb background_position=\u00a0\u00bbtop_left\u00a0\u00bb background_repeat=\u00a0\u00bbrepeat\u00a0\u00bb width=\u00a0\u00bb100%\u00a0\u00bb custom_padding=\u00a0\u00bb0px||||false|false\u00a0\u00bb global_colors_info=\u00a0\u00bb{}\u00a0\u00bb column_structure=\u00a0\u00bb1_2,1_2&Prime;][et_pb_column type=\u00a0\u00bb1_2&Prime; _builder_version=\u00a0\u00bb4.16&Prime; custom_padding=\u00a0\u00bb|||\u00a0\u00bb global_colors_info=\u00a0\u00bb{}\u00a0\u00bb custom_padding__hover=\u00a0\u00bb|||\u00a0\u00bb][et_pb_wc_images _builder_version=\u00a0\u00bb4.16&Prime; global_colors_info=\u00a0\u00bb{}\u00a0\u00bb][\/et_pb_wc_images][\/et_pb_column][et_pb_column type=\u00a0\u00bb1_2&Prime; _builder_version=\u00a0\u00bb4.16&Prime; custom_padding=\u00a0\u00bb|||\u00a0\u00bb global_colors_info=\u00a0\u00bb{}\u00a0\u00bb custom_padding__hover=\u00a0\u00bb|||\u00a0\u00bb][et_pb_wc_title _builder_version=\u00a0\u00bb4.16&Prime; global_colors_info=\u00a0\u00bb{}\u00a0\u00bb][\/et_pb_wc_title][et_pb_wc_rating _builder_version=\u00a0\u00bb4.16&Prime; global_colors_info=\u00a0\u00bb{}\u00a0\u00bb][\/et_pb_wc_rating][et_pb_wc_price _builder_version=\u00a0\u00bb4.16&Prime; global_colors_info=\u00a0\u00bb{}\u00a0\u00bb][\/et_pb_wc_price][et_pb_wc_description _builder_version=\u00a0\u00bb4.16&Prime; global_colors_info=\u00a0\u00bb{}\u00a0\u00bb][\/et_pb_wc_description][et_pb_wc_add_to_cart _builder_version=\u00a0\u00bb4.16&Prime; global_colors_info=\u00a0\u00bb{}\u00a0\u00bb][\/et_pb_wc_add_to_cart][et_pb_wc_meta _builder_version=\u00a0\u00bb4.16&Prime; global_colors_info=\u00a0\u00bb{}\u00a0\u00bb][\/et_pb_wc_meta][\/et_pb_column][\/et_pb_row][et_pb_row _builder_version=\u00a0\u00bb4.16&Prime; background_size=\u00a0\u00bbinitial\u00a0\u00bb background_position=\u00a0\u00bbtop_left\u00a0\u00bb background_repeat=\u00a0\u00bbrepeat\u00a0\u00bb width=\u00a0\u00bb100%\u00a0\u00bb global_colors_info=\u00a0\u00bb{}\u00a0\u00bb][et_pb_column type=\u00a0\u00bb4_4&Prime; _builder_version=\u00a0\u00bb4.16&Prime; custom_padding=\u00a0\u00bb|||\u00a0\u00bb global_colors_info=\u00a0\u00bb{}\u00a0\u00bb custom_padding__hover=\u00a0\u00bb|||\u00a0\u00bb][et_pb_wc_tabs _builder_version=\u00a0\u00bb4.20.0&Prime; hover_enabled=\u00a0\u00bb0&Prime; global_colors_info=\u00a0\u00bb{}\u00a0\u00bb include_tabs=\u00a0\u00bbdescription|\u00a0\u00bb sticky_enabled=\u00a0\u00bb0&Prime;]\t\t\t\t\t[\/et_pb_wc_tabs][et_pb_wc_upsells _builder_version=\u00a0\u00bb4.16&Prime; global_colors_info=\u00a0\u00bb{}\u00a0\u00bb][\/et_pb_wc_upsells][et_pb_wc_related_products _builder_version=\u00a0\u00bb4.16&Prime; global_colors_info=\u00a0\u00bb{}\u00a0\u00bb][\/et_pb_wc_related_products][\/et_pb_column][\/et_pb_row][\/et_pb_section]<\/p>\n","protected":false},"excerpt":{"rendered":"","protected":false},"featured_media":226,"comment_status":"open","ping_status":"closed","template":"","meta":{"_et_pb_use_builder":"on","_et_pb_old_content":"Oreillette sans fil BT avec PTT.\r\n\r\nCon\u00e7u pour offrir un maximum de confort gr\u00e2ce aux avantages de la technologie Bluetooth.\r\n\r\n\u00c9quip\u00e9e d'un r\u00e9glage du volume, de la suppression du bruit, et de la technologie Bluetooth 4.2 avec une autonomie de la batterie en conversation d'au moins 8 heures pour un cycle d'utilisation 5\/5\/90. Comprend un c\u00e2ble micro-USB pour la recharge.\r\n\r\nRemplacements des \u00e9couteurs disponibles.","_et_gb_content_width":""},"product_brand":[],"product_cat":[19],"product_tag":[],"class_list":{"0":"post-225","1":"product","2":"type-product","3":"status-publish","4":"has-post-thumbnail","6":"product_cat-accessoires","8":"first","9":"instock","10":"featured","11":"taxable","12":"shipping-taxable","13":"purchasable","14":"product-type-simple"},"yoast_head":"<!-- This site is optimized with the Yoast SEO plugin v27.2 - https:\/\/yoast.com\/product\/yoast-seo-wordpress\/ -->\n<title>MICRO ECOUTEUR EP910W BT AVEC PTT - HEMORD&amp;POC<\/title>\n<meta name=\"robots\" content=\"index, follow, max-snippet:-1, max-image-preview:large, max-video-preview:-1\" \/>\n<link rel=\"canonical\" href=\"https:\/\/hermodandpoc.com\/index.php\/produit\/micro-ecouteur-ep910w-bt-avec-ptt\/\" \/>\n<meta property=\"og:locale\" content=\"fr_FR\" \/>\n<meta property=\"og:type\" content=\"article\" \/>\n<meta property=\"og:title\" content=\"MICRO ECOUTEUR EP910W BT AVEC PTT - HEMORD&amp;POC\" \/>\n<meta property=\"og:url\" content=\"https:\/\/hermodandpoc.com\/index.php\/produit\/micro-ecouteur-ep910w-bt-avec-ptt\/\" \/>\n<meta property=\"og:site_name\" content=\"HEMORD&amp;POC\" \/>\n<meta property=\"article:publisher\" content=\"https:\/\/www.facebook.com\/hermodandcom\/\" \/>\n<meta property=\"article:modified_time\" content=\"2026-03-28T10:03:04+00:00\" \/>\n<meta property=\"og:image\" content=\"https:\/\/hermodandpoc.com\/wp-content\/uploads\/2023\/02\/PMLN8123A.jpg\" \/>\n\t<meta property=\"og:image:width\" content=\"324\" \/>\n\t<meta property=\"og:image:height\" content=\"324\" \/>\n\t<meta property=\"og:image:type\" content=\"image\/jpeg\" \/>\n<meta name=\"twitter:card\" content=\"summary_large_image\" \/>\n<meta name=\"twitter:label1\" content=\"Dur\u00e9e de lecture estim\u00e9e\" \/>\n\t<meta name=\"twitter:data1\" content=\"2 minutes\" \/>\n<script type=\"application\/ld+json\" class=\"yoast-schema-graph\">{\"@context\":\"https:\/\/schema.org\",\"@graph\":[{\"@type\":\"WebPage\",\"@id\":\"https:\/\/hermodandpoc.com\/index.php\/produit\/micro-ecouteur-ep910w-bt-avec-ptt\/\",\"url\":\"https:\/\/hermodandpoc.com\/index.php\/produit\/micro-ecouteur-ep910w-bt-avec-ptt\/\",\"name\":\"MICRO ECOUTEUR EP910W BT AVEC PTT - HEMORD&amp;POC\",\"isPartOf\":{\"@id\":\"https:\/\/hermodandpoc.com\/#website\"},\"primaryImageOfPage\":{\"@id\":\"https:\/\/hermodandpoc.com\/index.php\/produit\/micro-ecouteur-ep910w-bt-avec-ptt\/#primaryimage\"},\"image\":{\"@id\":\"https:\/\/hermodandpoc.com\/index.php\/produit\/micro-ecouteur-ep910w-bt-avec-ptt\/#primaryimage\"},\"thumbnailUrl\":\"https:\/\/hermodandpoc.com\/wp-content\/uploads\/2023\/02\/PMLN8123A.jpg\",\"datePublished\":\"2023-02-26T15:43:42+00:00\",\"dateModified\":\"2026-03-28T10:03:04+00:00\",\"breadcrumb\":{\"@id\":\"https:\/\/hermodandpoc.com\/index.php\/produit\/micro-ecouteur-ep910w-bt-avec-ptt\/#breadcrumb\"},\"inLanguage\":\"fr-FR\",\"potentialAction\":[{\"@type\":\"ReadAction\",\"target\":[\"https:\/\/hermodandpoc.com\/index.php\/produit\/micro-ecouteur-ep910w-bt-avec-ptt\/\"]}]},{\"@type\":\"ImageObject\",\"inLanguage\":\"fr-FR\",\"@id\":\"https:\/\/hermodandpoc.com\/index.php\/produit\/micro-ecouteur-ep910w-bt-avec-ptt\/#primaryimage\",\"url\":\"https:\/\/hermodandpoc.com\/wp-content\/uploads\/2023\/02\/PMLN8123A.jpg\",\"contentUrl\":\"https:\/\/hermodandpoc.com\/wp-content\/uploads\/2023\/02\/PMLN8123A.jpg\",\"width\":324,\"height\":324},{\"@type\":\"BreadcrumbList\",\"@id\":\"https:\/\/hermodandpoc.com\/index.php\/produit\/micro-ecouteur-ep910w-bt-avec-ptt\/#breadcrumb\",\"itemListElement\":[{\"@type\":\"ListItem\",\"position\":1,\"name\":\"Accueil\",\"item\":\"https:\/\/hermodandpoc.com\/\"},{\"@type\":\"ListItem\",\"position\":2,\"name\":\"Boutique\",\"item\":\"https:\/\/hermodandpoc.com\/\"},{\"@type\":\"ListItem\",\"position\":3,\"name\":\"MICRO ECOUTEUR EP910W BT AVEC PTT\"}]},{\"@type\":\"WebSite\",\"@id\":\"https:\/\/hermodandpoc.com\/#website\",\"url\":\"https:\/\/hermodandpoc.com\/\",\"name\":\"HEMORD&POC\",\"description\":\"La boutique WAVE PTX\",\"publisher\":{\"@id\":\"https:\/\/hermodandpoc.com\/#organization\"},\"potentialAction\":[{\"@type\":\"SearchAction\",\"target\":{\"@type\":\"EntryPoint\",\"urlTemplate\":\"https:\/\/hermodandpoc.com\/?s={search_term_string}\"},\"query-input\":{\"@type\":\"PropertyValueSpecification\",\"valueRequired\":true,\"valueName\":\"search_term_string\"}}],\"inLanguage\":\"fr-FR\"},{\"@type\":\"Organization\",\"@id\":\"https:\/\/hermodandpoc.com\/#organization\",\"name\":\"HEMORD&POC\",\"url\":\"https:\/\/hermodandpoc.com\/\",\"logo\":{\"@type\":\"ImageObject\",\"inLanguage\":\"fr-FR\",\"@id\":\"https:\/\/hermodandpoc.com\/#\/schema\/logo\/image\/\",\"url\":\"https:\/\/hermodandpoc.com\/wp-content\/uploads\/2023\/02\/path1568BLANC.png\",\"contentUrl\":\"https:\/\/hermodandpoc.com\/wp-content\/uploads\/2023\/02\/path1568BLANC.png\",\"width\":880,\"height\":360,\"caption\":\"HEMORD&POC\"},\"image\":{\"@id\":\"https:\/\/hermodandpoc.com\/#\/schema\/logo\/image\/\"},\"sameAs\":[\"https:\/\/www.facebook.com\/hermodandcom\/\"]}]}<\/script>\n<!-- \/ Yoast SEO plugin. -->","yoast_head_json":{"title":"MICRO ECOUTEUR EP910W BT AVEC PTT - HEMORD&amp;POC","robots":{"index":"index","follow":"follow","max-snippet":"max-snippet:-1","max-image-preview":"max-image-preview:large","max-video-preview":"max-video-preview:-1"},"canonical":"https:\/\/hermodandpoc.com\/index.php\/produit\/micro-ecouteur-ep910w-bt-avec-ptt\/","og_locale":"fr_FR","og_type":"article","og_title":"MICRO ECOUTEUR EP910W BT AVEC PTT - HEMORD&amp;POC","og_url":"https:\/\/hermodandpoc.com\/index.php\/produit\/micro-ecouteur-ep910w-bt-avec-ptt\/","og_site_name":"HEMORD&amp;POC","article_publisher":"https:\/\/www.facebook.com\/hermodandcom\/","article_modified_time":"2026-03-28T10:03:04+00:00","og_image":[{"width":324,"height":324,"url":"https:\/\/hermodandpoc.com\/wp-content\/uploads\/2023\/02\/PMLN8123A.jpg","type":"image\/jpeg"}],"twitter_card":"summary_large_image","twitter_misc":{"Dur\u00e9e de lecture estim\u00e9e":"2 minutes"},"schema":{"@context":"https:\/\/schema.org","@graph":[{"@type":"WebPage","@id":"https:\/\/hermodandpoc.com\/index.php\/produit\/micro-ecouteur-ep910w-bt-avec-ptt\/","url":"https:\/\/hermodandpoc.com\/index.php\/produit\/micro-ecouteur-ep910w-bt-avec-ptt\/","name":"MICRO ECOUTEUR EP910W BT AVEC PTT - HEMORD&amp;POC","isPartOf":{"@id":"https:\/\/hermodandpoc.com\/#website"},"primaryImageOfPage":{"@id":"https:\/\/hermodandpoc.com\/index.php\/produit\/micro-ecouteur-ep910w-bt-avec-ptt\/#primaryimage"},"image":{"@id":"https:\/\/hermodandpoc.com\/index.php\/produit\/micro-ecouteur-ep910w-bt-avec-ptt\/#primaryimage"},"thumbnailUrl":"https:\/\/hermodandpoc.com\/wp-content\/uploads\/2023\/02\/PMLN8123A.jpg","datePublished":"2023-02-26T15:43:42+00:00","dateModified":"2026-03-28T10:03:04+00:00","breadcrumb":{"@id":"https:\/\/hermodandpoc.com\/index.php\/produit\/micro-ecouteur-ep910w-bt-avec-ptt\/#breadcrumb"},"inLanguage":"fr-FR","potentialAction":[{"@type":"ReadAction","target":["https:\/\/hermodandpoc.com\/index.php\/produit\/micro-ecouteur-ep910w-bt-avec-ptt\/"]}]},{"@type":"ImageObject","inLanguage":"fr-FR","@id":"https:\/\/hermodandpoc.com\/index.php\/produit\/micro-ecouteur-ep910w-bt-avec-ptt\/#primaryimage","url":"https:\/\/hermodandpoc.com\/wp-content\/uploads\/2023\/02\/PMLN8123A.jpg","contentUrl":"https:\/\/hermodandpoc.com\/wp-content\/uploads\/2023\/02\/PMLN8123A.jpg","width":324,"height":324},{"@type":"BreadcrumbList","@id":"https:\/\/hermodandpoc.com\/index.php\/produit\/micro-ecouteur-ep910w-bt-avec-ptt\/#breadcrumb","itemListElement":[{"@type":"ListItem","position":1,"name":"Accueil","item":"https:\/\/hermodandpoc.com\/"},{"@type":"ListItem","position":2,"name":"Boutique","item":"https:\/\/hermodandpoc.com\/"},{"@type":"ListItem","position":3,"name":"MICRO ECOUTEUR EP910W BT AVEC PTT"}]},{"@type":"WebSite","@id":"https:\/\/hermodandpoc.com\/#website","url":"https:\/\/hermodandpoc.com\/","name":"HEMORD&POC","description":"La boutique WAVE PTX","publisher":{"@id":"https:\/\/hermodandpoc.com\/#organization"},"potentialAction":[{"@type":"SearchAction","target":{"@type":"EntryPoint","urlTemplate":"https:\/\/hermodandpoc.com\/?s={search_term_string}"},"query-input":{"@type":"PropertyValueSpecification","valueRequired":true,"valueName":"search_term_string"}}],"inLanguage":"fr-FR"},{"@type":"Organization","@id":"https:\/\/hermodandpoc.com\/#organization","name":"HEMORD&POC","url":"https:\/\/hermodandpoc.com\/","logo":{"@type":"ImageObject","inLanguage":"fr-FR","@id":"https:\/\/hermodandpoc.com\/#\/schema\/logo\/image\/","url":"https:\/\/hermodandpoc.com\/wp-content\/uploads\/2023\/02\/path1568BLANC.png","contentUrl":"https:\/\/hermodandpoc.com\/wp-content\/uploads\/2023\/02\/path1568BLANC.png","width":880,"height":360,"caption":"HEMORD&POC"},"image":{"@id":"https:\/\/hermodandpoc.com\/#\/schema\/logo\/image\/"},"sameAs":["https:\/\/www.facebook.com\/hermodandcom\/"]}]}},"jetpack_sharing_enabled":true,"_links":{"self":[{"href":"https:\/\/hermodandpoc.com\/index.php\/wp-json\/wp\/v2\/product\/225","targetHints":{"allow":["GET"]}}],"collection":[{"href":"https:\/\/hermodandpoc.com\/index.php\/wp-json\/wp\/v2\/product"}],"about":[{"href":"https:\/\/hermodandpoc.com\/index.php\/wp-json\/wp\/v2\/types\/product"}],"replies":[{"embeddable":true,"href":"https:\/\/hermodandpoc.com\/index.php\/wp-json\/wp\/v2\/comments?post=225"}],"wp:featuredmedia":[{"embeddable":true,"href":"https:\/\/hermodandpoc.com\/index.php\/wp-json\/wp\/v2\/media\/226"}],"wp:attachment":[{"href":"https:\/\/hermodandpoc.com\/index.php\/wp-json\/wp\/v2\/media?parent=225"}],"wp:term":[{"taxonomy":"product_brand","embeddable":true,"href":"https:\/\/hermodandpoc.com\/index.php\/wp-json\/wp\/v2\/product_brand?post=225"},{"taxonomy":"product_cat","embeddable":true,"href":"https:\/\/hermodandpoc.com\/index.php\/wp-json\/wp\/v2\/product_cat?post=225"},{"taxonomy":"product_tag","embeddable":true,"href":"https:\/\/hermodandpoc.com\/index.php\/wp-json\/wp\/v2\/product_tag?post=225"}],"curies":[{"name":"wp","href":"https:\/\/api.w.org\/{rel}","templated":true}]}}