{"id":74,"date":"2023-02-25T20:11:39","date_gmt":"2023-02-25T19:11:39","guid":{"rendered":"https:\/\/hermodandpoc.com\/?post_type=product&#038;p=74"},"modified":"2026-03-28T13:16:46","modified_gmt":"2026-03-28T12:16:46","slug":"wave-ptx-tlk150","status":"publish","type":"product","link":"https:\/\/hermodandpoc.com\/index.php\/produit\/wave-ptx-tlk150\/","title":{"rendered":"WAVE PTX TLK150"},"content":{"rendered":"<p>[et_pb_section fb_built=\u00a0\u00bb1&Prime; _builder_version=\u00a0\u00bb4.16&Prime; custom_padding=\u00a0\u00bb0px||||false|false\u00a0\u00bb global_colors_info=\u00a0\u00bb{}\u00a0\u00bb][et_pb_row _builder_version=\u00a0\u00bb4.16&Prime; background_size=\u00a0\u00bbinitial\u00a0\u00bb background_position=\u00a0\u00bbtop_left\u00a0\u00bb background_repeat=\u00a0\u00bbrepeat\u00a0\u00bb width=\u00a0\u00bb100%\u00a0\u00bb custom_padding=\u00a0\u00bb0px||0px||false|false\u00a0\u00bb global_colors_info=\u00a0\u00bb{}\u00a0\u00bb][et_pb_column type=\u00a0\u00bb4_4&Prime; _builder_version=\u00a0\u00bb4.16&Prime; custom_padding=\u00a0\u00bb|||\u00a0\u00bb global_colors_info=\u00a0\u00bb{}\u00a0\u00bb custom_padding__hover=\u00a0\u00bb|||\u00a0\u00bb][et_pb_wc_breadcrumb _builder_version=\u00a0\u00bb4.16&Prime; global_colors_info=\u00a0\u00bb{}\u00a0\u00bb][\/et_pb_wc_breadcrumb][et_pb_wc_cart_notice _builder_version=\u00a0\u00bb4.16&Prime; global_colors_info=\u00a0\u00bb{}\u00a0\u00bb][\/et_pb_wc_cart_notice][\/et_pb_column][\/et_pb_row][et_pb_row column_structure=\u00a0\u00bb1_2,1_2&Prime; _builder_version=\u00a0\u00bb4.16&Prime; background_size=\u00a0\u00bbinitial\u00a0\u00bb background_position=\u00a0\u00bbtop_left\u00a0\u00bb background_repeat=\u00a0\u00bbrepeat\u00a0\u00bb width=\u00a0\u00bb100%\u00a0\u00bb custom_padding=\u00a0\u00bb0px||||false|false\u00a0\u00bb global_colors_info=\u00a0\u00bb{}\u00a0\u00bb][et_pb_column type=\u00a0\u00bb1_2&Prime; _builder_version=\u00a0\u00bb4.16&Prime; custom_padding=\u00a0\u00bb|||\u00a0\u00bb global_colors_info=\u00a0\u00bb{}\u00a0\u00bb custom_padding__hover=\u00a0\u00bb|||\u00a0\u00bb][et_pb_wc_images _builder_version=\u00a0\u00bb4.16&Prime; global_colors_info=\u00a0\u00bb{}\u00a0\u00bb][\/et_pb_wc_images][\/et_pb_column][et_pb_column type=\u00a0\u00bb1_2&Prime; _builder_version=\u00a0\u00bb4.16&Prime; custom_padding=\u00a0\u00bb|||\u00a0\u00bb global_colors_info=\u00a0\u00bb{}\u00a0\u00bb custom_padding__hover=\u00a0\u00bb|||\u00a0\u00bb][et_pb_wc_title _builder_version=\u00a0\u00bb4.16&Prime; global_colors_info=\u00a0\u00bb{}\u00a0\u00bb][\/et_pb_wc_title][et_pb_wc_rating _builder_version=\u00a0\u00bb4.16&Prime; global_colors_info=\u00a0\u00bb{}\u00a0\u00bb][\/et_pb_wc_rating][et_pb_wc_price _builder_version=\u00a0\u00bb4.16&Prime; global_colors_info=\u00a0\u00bb{}\u00a0\u00bb][\/et_pb_wc_price][et_pb_wc_description _builder_version=\u00a0\u00bb4.16&Prime; global_colors_info=\u00a0\u00bb{}\u00a0\u00bb][\/et_pb_wc_description][et_pb_wc_meta _builder_version=\u00a0\u00bb4.16&Prime; global_colors_info=\u00a0\u00bb{}\u00a0\u00bb][\/et_pb_wc_meta][et_pb_text _builder_version=\u00a0\u00bb4.20.0&Prime; _module_preset=\u00a0\u00bbdefault\u00a0\u00bb global_colors_info=\u00a0\u00bb{}\u00a0\u00bb]<\/p>\n<div class=\"product attribute overview\">\n<h2 class=\"value\">WAVE PTX MOBILE TLK150 Push To Talk, communique sur le r\u00e9seau 3G\/4G LTE et Wi-Fi, port\u00e9e illimit\u00e9e<\/h2>\n<\/div>\n<div class=\"strengths\">\n<div id=\"oe-strengths\" class=\"toggle-container active\">\n<div class=\"box\">\n<ul>\n<li>Talkie-walkie Push To Talk 3G \/ 4G LTE et Wi-Fi<\/li>\n<li><strong>N\u00e9cessite un abonnement WAVE PTX MOTROLA SOLUTIONS<\/strong><\/li>\n<li>Utilisation des r\u00e9seaux 3G\/4G <strong>Multi-op\u00e9rateurs<\/strong> et Wi-Fi<\/li>\n<li>Port\u00e9e illimit\u00e9e dans toute l&rsquo;Europe sur le r\u00e9seau 3G\/4G (Hors Monaco)<\/li>\n<li>Pr\u00eat \u00e0 l&#8217;emploi : carte SIM Pr\u00e9-install\u00e9e *<\/li>\n<li>Ecran r\u00e9tro \u00e9clair\u00e9<\/li>\n<li>Bouton programmable<\/li>\n<li>Bouton orange gestion appel d&rsquo;urgence<\/li>\n<li>Protection IP54 : R\u00e9siste \u00e0 la poussi\u00e8re et aux projections d&rsquo;eau<\/li>\n<li>Affichage matriciel pour une utilisation simplifi\u00e9e<\/li>\n<li>Bluetooth et GPS int\u00e9gr\u00e9 pour un suivi de localisation.<\/li>\n<li>Antenne bi mode 3G\/4G et antenne GPS fournis<\/li>\n<\/ul>\n<\/div>\n<\/div>\n<\/div>\n<p>[\/et_pb_text][\/et_pb_column][\/et_pb_row][et_pb_row _builder_version=\u00a0\u00bb4.16&Prime; background_size=\u00a0\u00bbinitial\u00a0\u00bb background_position=\u00a0\u00bbtop_left\u00a0\u00bb background_repeat=\u00a0\u00bbrepeat\u00a0\u00bb width=\u00a0\u00bb100%\u00a0\u00bb global_colors_info=\u00a0\u00bb{}\u00a0\u00bb][et_pb_column type=\u00a0\u00bb4_4&Prime; _builder_version=\u00a0\u00bb4.16&Prime; custom_padding=\u00a0\u00bb|||\u00a0\u00bb global_colors_info=\u00a0\u00bb{}\u00a0\u00bb custom_padding__hover=\u00a0\u00bb|||\u00a0\u00bb][et_pb_wc_tabs include_tabs=\u00a0\u00bbdescription|\u00a0\u00bb _builder_version=\u00a0\u00bb4.20.0&Prime; global_colors_info=\u00a0\u00bb{}\u00a0\u00bb]\t\t\t\t\t[\/et_pb_wc_tabs][et_pb_wc_upsells _builder_version=\u00a0\u00bb4.16&Prime; global_colors_info=\u00a0\u00bb{}\u00a0\u00bb][\/et_pb_wc_upsells][et_pb_wc_related_products _builder_version=\u00a0\u00bb4.16&Prime; global_colors_info=\u00a0\u00bb{}\u00a0\u00bb][\/et_pb_wc_related_products][\/et_pb_column][\/et_pb_row][\/et_pb_section]<\/p>\n","protected":false},"excerpt":{"rendered":"<p><a href=\"https:\/\/hermodandpoc.com\/wp-content\/uploads\/2023\/02\/wave_ptx_radio_tlk150_ds_fre_0622.pdf\" target=\"_blank\" rel=\"noopener\">WAVE_PTX_TLK150<\/a><\/p>\n<p><a href=\"https:\/\/hermodandpoc.com\/wp-content\/uploads\/2023\/02\/wave_ptx_brochure_fre_0720.pdf\" target=\"_blank\" rel=\"noopener\">WAVE_PTX_BROCHURE_FR<\/a><\/p>\n","protected":false},"featured_media":352,"comment_status":"open","ping_status":"closed","template":"","meta":{"_et_pb_use_builder":"on","_et_pb_old_content":"<div class=\"product attribute overview\">\r\n<h2 class=\"value\">WAVE PTX MOBILE TLK150 Push To Talk, communique sur le r\u00e9seau 3G\/4G LTE et Wi-Fi, port\u00e9e illimit\u00e9e<\/h2>\r\n<\/div>\r\n<div class=\"strengths\">\r\n<div id=\"oe-strengths\" class=\"toggle-container active\">\r\n<div class=\"box\">\r\n<ul>\r\n \t<li>Talkie-walkie Push To Talk 3G \/ 4G LTE et Wi-Fi<\/li>\r\n \t<li><strong>N\u00e9cessite un abonnement WAVE PTX MOTROLA SOLUTIONS<\/strong><\/li>\r\n \t<li>Utilisation des r\u00e9seaux 3G\/4G <strong>Multi-op\u00e9rateurs<\/strong> et Wi-Fi<\/li>\r\n \t<li>Port\u00e9e illimit\u00e9e dans toute l'Europe sur le r\u00e9seau 3G\/4G (Hors Monaco)<\/li>\r\n \t<li>Pr\u00eat \u00e0 l'emploi : carte SIM Pr\u00e9-install\u00e9e *<\/li>\r\n \t<li>Ecran r\u00e9tro \u00e9clair\u00e9<\/li>\r\n \t<li>Bouton programmable<\/li>\r\n \t<li>Bouton orange gestion appel d'urgence<\/li>\r\n \t<li>Protection IP54 : R\u00e9siste \u00e0 la poussi\u00e8re et aux projections d'eau<\/li>\r\n \t<li>Affichage matriciel pour une utilisation simplifi\u00e9e<\/li>\r\n \t<li>Bluetooth et GPS int\u00e9gr\u00e9 pour un suivi de localisation.<\/li>\r\n \t<li>Antenne bi mode 3G\/4G et antenne GPS fournis<\/li>\r\n<\/ul>\r\n<\/div>\r\n<\/div>\r\n<\/div>","_et_gb_content_width":""},"product_brand":[],"product_cat":[15],"product_tag":[],"class_list":{"0":"post-74","1":"product","2":"type-product","3":"status-publish","4":"has-post-thumbnail","6":"product_cat-mobile-wave-ptx","8":"first","9":"instock","10":"taxable","11":"shipping-taxable","12":"purchasable","13":"product-type-simple"},"yoast_head":"<!-- This site is optimized with the Yoast SEO plugin v27.2 - https:\/\/yoast.com\/product\/yoast-seo-wordpress\/ -->\n<title>WAVE PTX TLK150 - HEMORD&amp;POC<\/title>\n<meta name=\"robots\" content=\"index, follow, max-snippet:-1, max-image-preview:large, max-video-preview:-1\" \/>\n<link rel=\"canonical\" href=\"https:\/\/hermodandpoc.com\/index.php\/produit\/wave-ptx-tlk150\/\" \/>\n<meta property=\"og:locale\" content=\"fr_FR\" \/>\n<meta property=\"og:type\" content=\"article\" \/>\n<meta property=\"og:title\" content=\"WAVE PTX TLK150 - HEMORD&amp;POC\" \/>\n<meta property=\"og:description\" content=\"WAVE_PTX_TLK150  WAVE_PTX_BROCHURE_FR\" \/>\n<meta property=\"og:url\" content=\"https:\/\/hermodandpoc.com\/index.php\/produit\/wave-ptx-tlk150\/\" \/>\n<meta property=\"og:site_name\" content=\"HEMORD&amp;POC\" \/>\n<meta property=\"article:publisher\" content=\"https:\/\/www.facebook.com\/hermodandcom\/\" \/>\n<meta property=\"article:modified_time\" content=\"2026-03-28T12:16:46+00:00\" \/>\n<meta property=\"og:image\" content=\"https:\/\/hermodandpoc.com\/wp-content\/uploads\/2026\/03\/cq5dam.web_.1280.1280-45-jpg-removebg-preview.png\" \/>\n\t<meta property=\"og:image:width\" content=\"554\" \/>\n\t<meta property=\"og:image:height\" content=\"450\" \/>\n\t<meta property=\"og:image:type\" content=\"image\/png\" \/>\n<meta name=\"twitter:card\" content=\"summary_large_image\" \/>\n<meta name=\"twitter:label1\" content=\"Dur\u00e9e de lecture estim\u00e9e\" \/>\n\t<meta name=\"twitter:data1\" content=\"2 minutes\" \/>\n<script type=\"application\/ld+json\" class=\"yoast-schema-graph\">{\"@context\":\"https:\/\/schema.org\",\"@graph\":[{\"@type\":\"WebPage\",\"@id\":\"https:\/\/hermodandpoc.com\/index.php\/produit\/wave-ptx-tlk150\/\",\"url\":\"https:\/\/hermodandpoc.com\/index.php\/produit\/wave-ptx-tlk150\/\",\"name\":\"WAVE PTX TLK150 - HEMORD&amp;POC\",\"isPartOf\":{\"@id\":\"https:\/\/hermodandpoc.com\/#website\"},\"primaryImageOfPage\":{\"@id\":\"https:\/\/hermodandpoc.com\/index.php\/produit\/wave-ptx-tlk150\/#primaryimage\"},\"image\":{\"@id\":\"https:\/\/hermodandpoc.com\/index.php\/produit\/wave-ptx-tlk150\/#primaryimage\"},\"thumbnailUrl\":\"https:\/\/hermodandpoc.com\/wp-content\/uploads\/2026\/03\/cq5dam.web_.1280.1280-45-jpg-removebg-preview.png\",\"datePublished\":\"2023-02-25T19:11:39+00:00\",\"dateModified\":\"2026-03-28T12:16:46+00:00\",\"breadcrumb\":{\"@id\":\"https:\/\/hermodandpoc.com\/index.php\/produit\/wave-ptx-tlk150\/#breadcrumb\"},\"inLanguage\":\"fr-FR\",\"potentialAction\":[{\"@type\":\"ReadAction\",\"target\":[\"https:\/\/hermodandpoc.com\/index.php\/produit\/wave-ptx-tlk150\/\"]}]},{\"@type\":\"ImageObject\",\"inLanguage\":\"fr-FR\",\"@id\":\"https:\/\/hermodandpoc.com\/index.php\/produit\/wave-ptx-tlk150\/#primaryimage\",\"url\":\"https:\/\/hermodandpoc.com\/wp-content\/uploads\/2026\/03\/cq5dam.web_.1280.1280-45-jpg-removebg-preview.png\",\"contentUrl\":\"https:\/\/hermodandpoc.com\/wp-content\/uploads\/2026\/03\/cq5dam.web_.1280.1280-45-jpg-removebg-preview.png\",\"width\":554,\"height\":450},{\"@type\":\"BreadcrumbList\",\"@id\":\"https:\/\/hermodandpoc.com\/index.php\/produit\/wave-ptx-tlk150\/#breadcrumb\",\"itemListElement\":[{\"@type\":\"ListItem\",\"position\":1,\"name\":\"Accueil\",\"item\":\"https:\/\/hermodandpoc.com\/\"},{\"@type\":\"ListItem\",\"position\":2,\"name\":\"Boutique\",\"item\":\"https:\/\/hermodandpoc.com\/\"},{\"@type\":\"ListItem\",\"position\":3,\"name\":\"WAVE PTX TLK150\"}]},{\"@type\":\"WebSite\",\"@id\":\"https:\/\/hermodandpoc.com\/#website\",\"url\":\"https:\/\/hermodandpoc.com\/\",\"name\":\"HEMORD&POC\",\"description\":\"La boutique WAVE PTX\",\"publisher\":{\"@id\":\"https:\/\/hermodandpoc.com\/#organization\"},\"potentialAction\":[{\"@type\":\"SearchAction\",\"target\":{\"@type\":\"EntryPoint\",\"urlTemplate\":\"https:\/\/hermodandpoc.com\/?s={search_term_string}\"},\"query-input\":{\"@type\":\"PropertyValueSpecification\",\"valueRequired\":true,\"valueName\":\"search_term_string\"}}],\"inLanguage\":\"fr-FR\"},{\"@type\":\"Organization\",\"@id\":\"https:\/\/hermodandpoc.com\/#organization\",\"name\":\"HEMORD&POC\",\"url\":\"https:\/\/hermodandpoc.com\/\",\"logo\":{\"@type\":\"ImageObject\",\"inLanguage\":\"fr-FR\",\"@id\":\"https:\/\/hermodandpoc.com\/#\/schema\/logo\/image\/\",\"url\":\"https:\/\/hermodandpoc.com\/wp-content\/uploads\/2023\/02\/path1568BLANC.png\",\"contentUrl\":\"https:\/\/hermodandpoc.com\/wp-content\/uploads\/2023\/02\/path1568BLANC.png\",\"width\":880,\"height\":360,\"caption\":\"HEMORD&POC\"},\"image\":{\"@id\":\"https:\/\/hermodandpoc.com\/#\/schema\/logo\/image\/\"},\"sameAs\":[\"https:\/\/www.facebook.com\/hermodandcom\/\"]}]}<\/script>\n<!-- \/ Yoast SEO plugin. -->","yoast_head_json":{"title":"WAVE PTX TLK150 - HEMORD&amp;POC","robots":{"index":"index","follow":"follow","max-snippet":"max-snippet:-1","max-image-preview":"max-image-preview:large","max-video-preview":"max-video-preview:-1"},"canonical":"https:\/\/hermodandpoc.com\/index.php\/produit\/wave-ptx-tlk150\/","og_locale":"fr_FR","og_type":"article","og_title":"WAVE PTX TLK150 - HEMORD&amp;POC","og_description":"WAVE_PTX_TLK150  WAVE_PTX_BROCHURE_FR","og_url":"https:\/\/hermodandpoc.com\/index.php\/produit\/wave-ptx-tlk150\/","og_site_name":"HEMORD&amp;POC","article_publisher":"https:\/\/www.facebook.com\/hermodandcom\/","article_modified_time":"2026-03-28T12:16:46+00:00","og_image":[{"width":554,"height":450,"url":"https:\/\/hermodandpoc.com\/wp-content\/uploads\/2026\/03\/cq5dam.web_.1280.1280-45-jpg-removebg-preview.png","type":"image\/png"}],"twitter_card":"summary_large_image","twitter_misc":{"Dur\u00e9e de lecture estim\u00e9e":"2 minutes"},"schema":{"@context":"https:\/\/schema.org","@graph":[{"@type":"WebPage","@id":"https:\/\/hermodandpoc.com\/index.php\/produit\/wave-ptx-tlk150\/","url":"https:\/\/hermodandpoc.com\/index.php\/produit\/wave-ptx-tlk150\/","name":"WAVE PTX TLK150 - HEMORD&amp;POC","isPartOf":{"@id":"https:\/\/hermodandpoc.com\/#website"},"primaryImageOfPage":{"@id":"https:\/\/hermodandpoc.com\/index.php\/produit\/wave-ptx-tlk150\/#primaryimage"},"image":{"@id":"https:\/\/hermodandpoc.com\/index.php\/produit\/wave-ptx-tlk150\/#primaryimage"},"thumbnailUrl":"https:\/\/hermodandpoc.com\/wp-content\/uploads\/2026\/03\/cq5dam.web_.1280.1280-45-jpg-removebg-preview.png","datePublished":"2023-02-25T19:11:39+00:00","dateModified":"2026-03-28T12:16:46+00:00","breadcrumb":{"@id":"https:\/\/hermodandpoc.com\/index.php\/produit\/wave-ptx-tlk150\/#breadcrumb"},"inLanguage":"fr-FR","potentialAction":[{"@type":"ReadAction","target":["https:\/\/hermodandpoc.com\/index.php\/produit\/wave-ptx-tlk150\/"]}]},{"@type":"ImageObject","inLanguage":"fr-FR","@id":"https:\/\/hermodandpoc.com\/index.php\/produit\/wave-ptx-tlk150\/#primaryimage","url":"https:\/\/hermodandpoc.com\/wp-content\/uploads\/2026\/03\/cq5dam.web_.1280.1280-45-jpg-removebg-preview.png","contentUrl":"https:\/\/hermodandpoc.com\/wp-content\/uploads\/2026\/03\/cq5dam.web_.1280.1280-45-jpg-removebg-preview.png","width":554,"height":450},{"@type":"BreadcrumbList","@id":"https:\/\/hermodandpoc.com\/index.php\/produit\/wave-ptx-tlk150\/#breadcrumb","itemListElement":[{"@type":"ListItem","position":1,"name":"Accueil","item":"https:\/\/hermodandpoc.com\/"},{"@type":"ListItem","position":2,"name":"Boutique","item":"https:\/\/hermodandpoc.com\/"},{"@type":"ListItem","position":3,"name":"WAVE PTX TLK150"}]},{"@type":"WebSite","@id":"https:\/\/hermodandpoc.com\/#website","url":"https:\/\/hermodandpoc.com\/","name":"HEMORD&POC","description":"La boutique WAVE PTX","publisher":{"@id":"https:\/\/hermodandpoc.com\/#organization"},"potentialAction":[{"@type":"SearchAction","target":{"@type":"EntryPoint","urlTemplate":"https:\/\/hermodandpoc.com\/?s={search_term_string}"},"query-input":{"@type":"PropertyValueSpecification","valueRequired":true,"valueName":"search_term_string"}}],"inLanguage":"fr-FR"},{"@type":"Organization","@id":"https:\/\/hermodandpoc.com\/#organization","name":"HEMORD&POC","url":"https:\/\/hermodandpoc.com\/","logo":{"@type":"ImageObject","inLanguage":"fr-FR","@id":"https:\/\/hermodandpoc.com\/#\/schema\/logo\/image\/","url":"https:\/\/hermodandpoc.com\/wp-content\/uploads\/2023\/02\/path1568BLANC.png","contentUrl":"https:\/\/hermodandpoc.com\/wp-content\/uploads\/2023\/02\/path1568BLANC.png","width":880,"height":360,"caption":"HEMORD&POC"},"image":{"@id":"https:\/\/hermodandpoc.com\/#\/schema\/logo\/image\/"},"sameAs":["https:\/\/www.facebook.com\/hermodandcom\/"]}]}},"jetpack_sharing_enabled":true,"_links":{"self":[{"href":"https:\/\/hermodandpoc.com\/index.php\/wp-json\/wp\/v2\/product\/74","targetHints":{"allow":["GET"]}}],"collection":[{"href":"https:\/\/hermodandpoc.com\/index.php\/wp-json\/wp\/v2\/product"}],"about":[{"href":"https:\/\/hermodandpoc.com\/index.php\/wp-json\/wp\/v2\/types\/product"}],"replies":[{"embeddable":true,"href":"https:\/\/hermodandpoc.com\/index.php\/wp-json\/wp\/v2\/comments?post=74"}],"wp:featuredmedia":[{"embeddable":true,"href":"https:\/\/hermodandpoc.com\/index.php\/wp-json\/wp\/v2\/media\/352"}],"wp:attachment":[{"href":"https:\/\/hermodandpoc.com\/index.php\/wp-json\/wp\/v2\/media?parent=74"}],"wp:term":[{"taxonomy":"product_brand","embeddable":true,"href":"https:\/\/hermodandpoc.com\/index.php\/wp-json\/wp\/v2\/product_brand?post=74"},{"taxonomy":"product_cat","embeddable":true,"href":"https:\/\/hermodandpoc.com\/index.php\/wp-json\/wp\/v2\/product_cat?post=74"},{"taxonomy":"product_tag","embeddable":true,"href":"https:\/\/hermodandpoc.com\/index.php\/wp-json\/wp\/v2\/product_tag?post=74"}],"curies":[{"name":"wp","href":"https:\/\/api.w.org\/{rel}","templated":true}]}}